{"id":33,"date":"2026-04-29T16:09:37","date_gmt":"2026-04-29T16:09:37","guid":{"rendered":"https:\/\/sash-admconsulting.ch\/our-story\/"},"modified":"2026-05-03T19:08:31","modified_gmt":"2026-05-03T19:08:31","slug":"our-story","status":"publish","type":"page","link":"https:\/\/sash-admconsulting.ch\/en\/our-story\/","title":{"rendered":"About\/\u00c0 propos"},"content":{"rendered":"<div data-elementor-type=\"wp-page\" data-elementor-id=\"33\" class=\"elementor elementor-33\">\n\t\t\t\t<div class=\"elementor-element elementor-element-01b17ad e-flex e-con-boxed e-con e-parent\" data-id=\"01b17ad\" data-element_type=\"container\" data-e-type=\"container\">\n\t\t\t\t\t<div class=\"e-con-inner\">\n\t\t\t\t<div class=\"elementor-element elementor-element-f134cd1 elementor-widget elementor-widget-spacer\" data-id=\"f134cd1\" data-element_type=\"widget\" data-e-type=\"widget\" data-widget_type=\"spacer.default\">\n\t\t\t\t\t\t\t<div class=\"elementor-spacer\">\n\t\t\t<div class=\"elementor-spacer-inner\"><\/div>\n\t\t<\/div>\n\t\t\t\t\t\t<\/div>\n\t\t\t\t\t<\/div>\n\t\t\t\t<\/div>\n\t\t<div class=\"elementor-element elementor-element-2b45d6a e-flex e-con-boxed e-con e-parent\" data-id=\"2b45d6a\" data-element_type=\"container\" data-e-type=\"container\">\n\t\t\t\t\t<div class=\"e-con-inner\">\n\t\t<div class=\"elementor-element elementor-element-46e11ef e-con-full e-flex e-con e-child\" data-id=\"46e11ef\" data-element_type=\"container\" data-e-type=\"container\">\n\t\t\t\t\t\t\t\n\t\t\t<img class=\"e-image-base\" \n\t\t\t\t\tdata-interaction-id=\"fc9d112\" \n\t\t \n\t\t \n\t\t\t\t\t\t\t\t\tid=\"316\"\n\t\t\t\t\t\t\t\t\t\t\t\tsrc=\"https:\/\/sash-admconsulting.ch\/wp-content\/uploads\/2026\/04\/SashPROFILE.jpg\"\n\t\t\t\t\t\t\t\t\t\t\t\twidth=\"1024\"\n\t\t\t\t\t\t\t\t\t\t\t\theight=\"1024\"\n\t\t\t\t\t\t\t\t\t\t\t\tsrcset=\"https:\/\/sash-admconsulting.ch\/wp-content\/uploads\/2026\/04\/SashPROFILE.jpg 1024w, https:\/\/sash-admconsulting.ch\/wp-content\/uploads\/2026\/04\/SashPROFILE-300x300.jpg 300w, https:\/\/sash-admconsulting.ch\/wp-content\/uploads\/2026\/04\/SashPROFILE-150x150.jpg 150w, https:\/\/sash-admconsulting.ch\/wp-content\/uploads\/2026\/04\/SashPROFILE-768x768.jpg 768w\"\n\t\t\t\t\t\t\t\t\t\t\t\talt=\"\"\n\t\t\t\t\t\t\/>\n\t\t\t\t\t<\/div>\n\t\t<div class=\"elementor-element elementor-element-d4c7177 e-con-full e-flex e-con e-child\" data-id=\"d4c7177\" data-element_type=\"container\" data-e-type=\"container\">\n\t\t\t\t<\/div>\n\t\t<div class=\"elementor-element elementor-element-a1553a2 e-con-full e-flex e-con e-child\" data-id=\"a1553a2\" data-element_type=\"container\" data-e-type=\"container\">\n\t\t<div class=\"elementor-element elementor-element-8734fb e-con-full e-flex e-con e-child\" data-id=\"8734fb\" data-element_type=\"container\" data-e-type=\"container\">\n\t\t\t\t<div class=\"elementor-element elementor-element-12836e92 elementor-widget elementor-widget-heading\" data-id=\"12836e92\" data-element_type=\"widget\" data-e-type=\"widget\" data-widget_type=\"heading.default\">\n\t\t\t\t\t<h6 class=\"elementor-heading-title elementor-size-default\">think different!<\/h6>\t\t\t\t<\/div>\n\t\t\t\t<div class=\"elementor-element elementor-element-3fd0410 elementor-widget elementor-widget-heading\" data-id=\"3fd0410\" data-element_type=\"widget\" data-e-type=\"widget\" data-widget_type=\"heading.default\">\n\t\t\t\t\t<h1 class=\"elementor-heading-title elementor-size-default\">Chloe CHOLLET<\/h1>\t\t\t\t<\/div>\n\t\t\t\t<div class=\"elementor-element elementor-element-662ba29b elementor-invisible elementor-widget elementor-widget-text-editor\" data-id=\"662ba29b\" data-element_type=\"widget\" data-e-type=\"widget\" data-settings=\"{&quot;_animation&quot;:&quot;fadeIn&quot;,&quot;_animation_delay&quot;:400}\" data-widget_type=\"text-editor.default\">\n\t\t\t\t\t\t\t\t\t<p>With over 20 years of solid experience in administration, both in multinationals and in local and state structures, in sectors such as Marketing, Finance, Legal, Intellectual Property and General Administration, my knowledge of administration and its organization is broad and sharp.<\/p><p>Determined by nature with a pragmatic approach, I put my vision at your service to assist you in your administrative tasks and procedures, as well as to support artisans, independent workers &amp; small companies in the organization and optimization of their administrative division.<\/p><p>An entrepreneur and independent worker myself since 2019, I am the founder of four companies including <strong>Sash-AdmConsulting - Administrative Services &amp; Consulting.<\/strong><\/p>\t\t\t\t\t\t\t\t<\/div>\n\t\t\t\t<\/div>\n\t\t\t\t<\/div>\n\t\t\t\t\t<\/div>\n\t\t\t\t<\/div>\n\t\t<div class=\"elementor-element elementor-element-4cc32de e-flex e-con-boxed e-con e-parent\" data-id=\"4cc32de\" data-element_type=\"container\" data-e-type=\"container\">\n\t\t\t\t\t<div class=\"e-con-inner\">\n\t\t\t\t<div class=\"elementor-element elementor-element-9665ccc elementor-widget elementor-widget-spacer\" data-id=\"9665ccc\" data-element_type=\"widget\" data-e-type=\"widget\" data-widget_type=\"spacer.default\">\n\t\t\t\t\t\t\t<div class=\"elementor-spacer\">\n\t\t\t<div class=\"elementor-spacer-inner\"><\/div>\n\t\t<\/div>\n\t\t\t\t\t\t<\/div>\n\t\t\t\t\t<\/div>\n\t\t\t\t<\/div>\n\t\t<div class=\"elementor-element elementor-element-1df1517 e-flex e-con-boxed e-con e-parent\" data-id=\"1df1517\" data-element_type=\"container\" data-e-type=\"container\">\n\t\t\t\t\t<div class=\"e-con-inner\">\n\t\t\t\t<div class=\"elementor-element elementor-element-a7e99d0 elementor-widget elementor-widget-spacer\" data-id=\"a7e99d0\" data-element_type=\"widget\" data-e-type=\"widget\" data-widget_type=\"spacer.default\">\n\t\t\t\t\t\t\t<div class=\"elementor-spacer\">\n\t\t\t<div class=\"elementor-spacer-inner\"><\/div>\n\t\t<\/div>\n\t\t\t\t\t\t<\/div>\n\t\t\t\t\t<\/div>\n\t\t\t\t<\/div>\n\t\t<div class=\"elementor-element elementor-element-4911422 e-flex e-con-boxed e-con e-parent\" data-id=\"4911422\" data-element_type=\"container\" data-e-type=\"container\" data-settings=\"{&quot;background_background&quot;:&quot;classic&quot;}\">\n\t\t\t\t\t<div class=\"e-con-inner\">\n\t\t\t\t<div class=\"elementor-element elementor-element-b86444c elementor-widget elementor-widget-heading\" data-id=\"b86444c\" data-element_type=\"widget\" data-e-type=\"widget\" data-widget_type=\"heading.default\">\n\t\t\t\t\t<h1 class=\"elementor-heading-title elementor-size-default\">my professional path - in brief:<\/h1>\t\t\t\t<\/div>\n\t\t\t\t\t\t\t\t<p class=\"e-c0fa389-c322ea9 e-paragraph-base\" data-interaction-id=\"c0fa389\"  >\n\t\t\t\t\t\t\t\t<em>2019 - Present<\/em><br><strong>INDEPENDENT \/ ENTREPRENEUR<\/strong><br><br><strong>ROMANDE ENERGIE GROUP<\/strong><br>Legal \/ Secretary General<br><br><strong>BRP EUROPEAN DISTRIBUTION SA<\/strong><br>Finance<br><br><strong>NESTL\u00c9 GROUP<br>NESTL\u00c9 SA &amp; CPW SA (CEREAL PARTNERS WORLDWIDE)<\/strong><br>Legal: Brand IP<br>Marketing<br><br><strong>STATE OF VAUD<\/strong><br>Judicial division<br><br><strong>FENACO GROUP<\/strong><br>Client development\n\t\t\t\t\t<\/p>\n\t\t\t\t\t<\/div>\n\t\t\t\t<\/div>\n\t\t<div class=\"elementor-element elementor-element-243b162b e-con-full e-flex e-con e-parent\" data-id=\"243b162b\" data-element_type=\"container\" data-e-type=\"container\">\n\t\t<div class=\"elementor-element elementor-element-46fd6c19 e-con-full e-flex e-con e-child\" data-id=\"46fd6c19\" data-element_type=\"container\" data-e-type=\"container\">\n\t\t\t\t<div class=\"elementor-element elementor-element-083f16a elementor-widget elementor-widget-heading\" data-id=\"083f16a\" data-element_type=\"widget\" data-e-type=\"widget\" data-widget_type=\"heading.default\">\n\t\t\t\t\t<h1 class=\"elementor-heading-title elementor-size-default\">Mission<\/h1>\t\t\t\t<\/div>\n\t\t\t\t<div class=\"elementor-element elementor-element-14575f6a elementor-widget__width-initial elementor-widget-mobile__width-inherit elementor-widget elementor-widget-text-editor\" data-id=\"14575f6a\" data-element_type=\"widget\" data-e-type=\"widget\" data-widget_type=\"text-editor.default\">\n\t\t\t\t\t\t\t\t\t<p>The company's mission is to provide premium administrative services and solutions to artisans, independent contractors and SMB.<\/p><p>To offer tailored, rigorous and high-quality administrative support and management, as well as to propose the development of solutions enabling artisans, independent contractors and SMB to save time and money while improving customer and supplier relationships.<\/p>\t\t\t\t\t\t\t\t<\/div>\n\t\t\t\t<\/div>\n\t\t<div class=\"elementor-element elementor-element-e1c9ce9 e-con-full e-flex e-con e-child\" data-id=\"e1c9ce9\" data-element_type=\"container\" data-e-type=\"container\" data-settings=\"{&quot;background_background&quot;:&quot;classic&quot;}\">\n\t\t\t\t<\/div>\n\t\t\t\t<\/div>\n\t\t<div class=\"elementor-element elementor-element-1077dd4 e-flex e-con-boxed e-con e-parent\" data-id=\"1077dd4\" data-element_type=\"container\" data-e-type=\"container\">\n\t\t\t\t\t<div class=\"e-con-inner\">\n\t\t\t\t<div class=\"elementor-element elementor-element-082b40a elementor-widget elementor-widget-spacer\" data-id=\"082b40a\" data-element_type=\"widget\" data-e-type=\"widget\" data-widget_type=\"spacer.default\">\n\t\t\t\t\t\t\t<div class=\"elementor-spacer\">\n\t\t\t<div class=\"elementor-spacer-inner\"><\/div>\n\t\t<\/div>\n\t\t\t\t\t\t<\/div>\n\t\t\t\t\t<\/div>\n\t\t\t\t<\/div>\n\t\t<div class=\"elementor-element elementor-element-f2deb26 e-flex e-con-boxed e-con e-parent\" data-id=\"f2deb26\" data-element_type=\"container\" data-e-type=\"container\">\n\t\t\t\t\t<div class=\"e-con-inner\">\n\t\t<div class=\"elementor-element elementor-element-325dc9d e-con-full e-flex e-con e-child\" data-id=\"325dc9d\" data-element_type=\"container\" data-e-type=\"container\" data-settings=\"{&quot;background_background&quot;:&quot;classic&quot;}\">\n\t\t<div class=\"elementor-element elementor-element-36dc522 e-con-full e-flex e-con e-child\" data-id=\"36dc522\" data-element_type=\"container\" data-e-type=\"container\">\n\t\t\t\t<\/div>\n\t\t<div class=\"elementor-element elementor-element-4719858 e-con-full e-flex e-con e-child\" data-id=\"4719858\" data-element_type=\"container\" data-e-type=\"container\">\n\t\t\t\t<div class=\"elementor-element elementor-element-210b07e elementor-widget elementor-widget-heading\" data-id=\"210b07e\" data-element_type=\"widget\" data-e-type=\"widget\" data-widget_type=\"heading.default\">\n\t\t\t\t\t<h1 class=\"elementor-heading-title elementor-size-default\">Chloe chollet<\/h1>\t\t\t\t<\/div>\n\t\t\t\t\t\t\t\t<p class=\"e-04cdb02-c8a9489 e-paragraph-base\" data-interaction-id=\"04cdb02\"  >\n\t\t\t\t\t\t\t\tAdministrator<br>&amp;<br>Administrative Expert<br><br>T: +41 (0)79 612-0237<br>contact@sash-admconsulting.ch\n\t\t\t\t\t<\/p>\n\t\t\t\t<\/div>\n\t\t<div class=\"elementor-element elementor-element-16f9139 e-con-full e-flex e-con e-child\" data-id=\"16f9139\" data-element_type=\"container\" data-e-type=\"container\">\n\t\t\t\t<\/div>\n\t\t\t\t<\/div>\n\t\t\t\t\t<\/div>\n\t\t\t\t<\/div>\n\t\t<div class=\"elementor-element elementor-element-e1220f8 e-flex e-con-boxed e-con e-parent\" data-id=\"e1220f8\" data-element_type=\"container\" data-e-type=\"container\">\n\t\t\t\t\t<div class=\"e-con-inner\">\n\t\t\t\t\t<\/div>\n\t\t\t\t<\/div>\n\t\t\t\t<\/div>","protected":false},"excerpt":{"rendered":"<p>think different! Chloe CHOLLET Au b\u00e9n\u00e9fice d\u2019une solide exp\u00e9rience de plus de 20 ans dans le domaine administratif tant au sein de multinationales que de structures locales et \u00e9tatiques, dans des secteurs tels que le Marketing, la Finance, le domaine Juridique, la Propri\u00e9t\u00e9 Intellectuelle et l\u2019Administration g\u00e9n\u00e9rale, ma connaissance de l&rsquo;administratif et son organisation est [&hellip;]<\/p>\n","protected":false},"author":1,"featured_media":37,"parent":0,"menu_order":0,"comment_status":"closed","ping_status":"closed","template":"elementor_header_footer","meta":{"footnotes":""},"class_list":["post-33","page","type-page","status-publish","has-post-thumbnail","hentry"],"yoast_head":"<!-- This site is optimized with the Yoast SEO plugin v27.5 - https:\/\/yoast.com\/product\/yoast-seo-wordpress\/ -->\n<title>About\/\u00c0 propos -<\/title>\n<meta name=\"robots\" content=\"index, follow, max-snippet:-1, max-image-preview:large, max-video-preview:-1\" \/>\n<link rel=\"canonical\" href=\"https:\/\/sash-admconsulting.ch\/en\/our-story\/\" \/>\n<meta property=\"og:locale\" content=\"en_US\" \/>\n<meta property=\"og:type\" content=\"article\" \/>\n<meta property=\"og:title\" content=\"About\/\u00c0 propos -\" \/>\n<meta property=\"og:description\" content=\"think different! Chloe CHOLLET Au b\u00e9n\u00e9fice d\u2019une solide exp\u00e9rience de plus de 20 ans dans le domaine administratif tant au sein de multinationales que de structures locales et \u00e9tatiques, dans des secteurs tels que le Marketing, la Finance, le domaine Juridique, la Propri\u00e9t\u00e9 Intellectuelle et l\u2019Administration g\u00e9n\u00e9rale, ma connaissance de l&rsquo;administratif et son organisation est [&hellip;]\" \/>\n<meta property=\"og:url\" content=\"https:\/\/sash-admconsulting.ch\/en\/our-story\/\" \/>\n<meta property=\"article:modified_time\" content=\"2026-05-03T19:08:31+00:00\" \/>\n<meta property=\"og:image\" content=\"https:\/\/sash-admconsulting.ch\/wp-content\/uploads\/2026\/04\/Our-Story-400_380.jpg\" \/>\n\t<meta property=\"og:image:width\" content=\"400\" \/>\n\t<meta property=\"og:image:height\" content=\"380\" \/>\n\t<meta property=\"og:image:type\" content=\"image\/jpeg\" \/>\n<meta name=\"twitter:card\" content=\"summary_large_image\" \/>\n<meta name=\"twitter:label1\" content=\"Est. reading time\" \/>\n\t<meta name=\"twitter:data1\" content=\"1 minute\" \/>\n<script type=\"application\/ld+json\" class=\"yoast-schema-graph\">{\"@context\":\"https:\\\/\\\/schema.org\",\"@graph\":[{\"@type\":\"WebPage\",\"@id\":\"https:\\\/\\\/sash-admconsulting.ch\\\/our-story\\\/\",\"url\":\"https:\\\/\\\/sash-admconsulting.ch\\\/our-story\\\/\",\"name\":\"About\\\/\u00c0 propos -\",\"isPartOf\":{\"@id\":\"https:\\\/\\\/sash-admconsulting.ch\\\/#website\"},\"primaryImageOfPage\":{\"@id\":\"https:\\\/\\\/sash-admconsulting.ch\\\/our-story\\\/#primaryimage\"},\"image\":{\"@id\":\"https:\\\/\\\/sash-admconsulting.ch\\\/our-story\\\/#primaryimage\"},\"thumbnailUrl\":\"https:\\\/\\\/sash-admconsulting.ch\\\/wp-content\\\/uploads\\\/2026\\\/04\\\/Our-Story-400_380.jpg\",\"datePublished\":\"2026-04-29T16:09:37+00:00\",\"dateModified\":\"2026-05-03T19:08:31+00:00\",\"breadcrumb\":{\"@id\":\"https:\\\/\\\/sash-admconsulting.ch\\\/our-story\\\/#breadcrumb\"},\"inLanguage\":\"en-US\",\"potentialAction\":[{\"@type\":\"ReadAction\",\"target\":[\"https:\\\/\\\/sash-admconsulting.ch\\\/our-story\\\/\"]}]},{\"@type\":\"ImageObject\",\"inLanguage\":\"en-US\",\"@id\":\"https:\\\/\\\/sash-admconsulting.ch\\\/our-story\\\/#primaryimage\",\"url\":\"https:\\\/\\\/sash-admconsulting.ch\\\/wp-content\\\/uploads\\\/2026\\\/04\\\/Our-Story-400_380.jpg\",\"contentUrl\":\"https:\\\/\\\/sash-admconsulting.ch\\\/wp-content\\\/uploads\\\/2026\\\/04\\\/Our-Story-400_380.jpg\",\"width\":400,\"height\":380},{\"@type\":\"BreadcrumbList\",\"@id\":\"https:\\\/\\\/sash-admconsulting.ch\\\/our-story\\\/#breadcrumb\",\"itemListElement\":[{\"@type\":\"ListItem\",\"position\":1,\"name\":\"Home\",\"item\":\"https:\\\/\\\/sash-admconsulting.ch\\\/\"},{\"@type\":\"ListItem\",\"position\":2,\"name\":\"About\\\/\u00c0 propos\"}]},{\"@type\":\"WebSite\",\"@id\":\"https:\\\/\\\/sash-admconsulting.ch\\\/#website\",\"url\":\"https:\\\/\\\/sash-admconsulting.ch\\\/\",\"name\":\"www.sash-admconsulting.ch\",\"description\":\"\",\"publisher\":{\"@id\":\"https:\\\/\\\/sash-admconsulting.ch\\\/#organization\"},\"potentialAction\":[{\"@type\":\"SearchAction\",\"target\":{\"@type\":\"EntryPoint\",\"urlTemplate\":\"https:\\\/\\\/sash-admconsulting.ch\\\/?s={search_term_string}\"},\"query-input\":{\"@type\":\"PropertyValueSpecification\",\"valueRequired\":true,\"valueName\":\"search_term_string\"}}],\"inLanguage\":\"en-US\"},{\"@type\":\"Organization\",\"@id\":\"https:\\\/\\\/sash-admconsulting.ch\\\/#organization\",\"name\":\"SASH-ADMCONSULTING\",\"url\":\"https:\\\/\\\/sash-admconsulting.ch\\\/\",\"logo\":{\"@type\":\"ImageObject\",\"inLanguage\":\"en-US\",\"@id\":\"https:\\\/\\\/sash-admconsulting.ch\\\/#\\\/schema\\\/logo\\\/image\\\/\",\"url\":\"https:\\\/\\\/sash-admconsulting.ch\\\/wp-content\\\/uploads\\\/2026\\\/05\\\/Sash-AC-WP-LOGO_2-1.png\",\"contentUrl\":\"https:\\\/\\\/sash-admconsulting.ch\\\/wp-content\\\/uploads\\\/2026\\\/05\\\/Sash-AC-WP-LOGO_2-1.png\",\"width\":1050,\"height\":600,\"caption\":\"SASH-ADMCONSULTING\"},\"image\":{\"@id\":\"https:\\\/\\\/sash-admconsulting.ch\\\/#\\\/schema\\\/logo\\\/image\\\/\"}}]}<\/script>\n<!-- \/ Yoast SEO plugin. -->","yoast_head_json":{"title":"About\/\u00c0 propos -","robots":{"index":"index","follow":"follow","max-snippet":"max-snippet:-1","max-image-preview":"max-image-preview:large","max-video-preview":"max-video-preview:-1"},"canonical":"https:\/\/sash-admconsulting.ch\/en\/our-story\/","og_locale":"en_US","og_type":"article","og_title":"About\/\u00c0 propos -","og_description":"think different! Chloe CHOLLET Au b\u00e9n\u00e9fice d\u2019une solide exp\u00e9rience de plus de 20 ans dans le domaine administratif tant au sein de multinationales que de structures locales et \u00e9tatiques, dans des secteurs tels que le Marketing, la Finance, le domaine Juridique, la Propri\u00e9t\u00e9 Intellectuelle et l\u2019Administration g\u00e9n\u00e9rale, ma connaissance de l&rsquo;administratif et son organisation est [&hellip;]","og_url":"https:\/\/sash-admconsulting.ch\/en\/our-story\/","article_modified_time":"2026-05-03T19:08:31+00:00","og_image":[{"width":400,"height":380,"url":"https:\/\/sash-admconsulting.ch\/wp-content\/uploads\/2026\/04\/Our-Story-400_380.jpg","type":"image\/jpeg"}],"twitter_card":"summary_large_image","twitter_misc":{"Est. reading time":"1 minute"},"schema":{"@context":"https:\/\/schema.org","@graph":[{"@type":"WebPage","@id":"https:\/\/sash-admconsulting.ch\/our-story\/","url":"https:\/\/sash-admconsulting.ch\/our-story\/","name":"About\/\u00c0 propos -","isPartOf":{"@id":"https:\/\/sash-admconsulting.ch\/#website"},"primaryImageOfPage":{"@id":"https:\/\/sash-admconsulting.ch\/our-story\/#primaryimage"},"image":{"@id":"https:\/\/sash-admconsulting.ch\/our-story\/#primaryimage"},"thumbnailUrl":"https:\/\/sash-admconsulting.ch\/wp-content\/uploads\/2026\/04\/Our-Story-400_380.jpg","datePublished":"2026-04-29T16:09:37+00:00","dateModified":"2026-05-03T19:08:31+00:00","breadcrumb":{"@id":"https:\/\/sash-admconsulting.ch\/our-story\/#breadcrumb"},"inLanguage":"en-US","potentialAction":[{"@type":"ReadAction","target":["https:\/\/sash-admconsulting.ch\/our-story\/"]}]},{"@type":"ImageObject","inLanguage":"en-US","@id":"https:\/\/sash-admconsulting.ch\/our-story\/#primaryimage","url":"https:\/\/sash-admconsulting.ch\/wp-content\/uploads\/2026\/04\/Our-Story-400_380.jpg","contentUrl":"https:\/\/sash-admconsulting.ch\/wp-content\/uploads\/2026\/04\/Our-Story-400_380.jpg","width":400,"height":380},{"@type":"BreadcrumbList","@id":"https:\/\/sash-admconsulting.ch\/our-story\/#breadcrumb","itemListElement":[{"@type":"ListItem","position":1,"name":"Home","item":"https:\/\/sash-admconsulting.ch\/"},{"@type":"ListItem","position":2,"name":"About\/\u00c0 propos"}]},{"@type":"WebSite","@id":"https:\/\/sash-admconsulting.ch\/#website","url":"https:\/\/sash-admconsulting.ch\/","name":"www.sash-admconsulting.ch","description":"","publisher":{"@id":"https:\/\/sash-admconsulting.ch\/#organization"},"potentialAction":[{"@type":"SearchAction","target":{"@type":"EntryPoint","urlTemplate":"https:\/\/sash-admconsulting.ch\/?s={search_term_string}"},"query-input":{"@type":"PropertyValueSpecification","valueRequired":true,"valueName":"search_term_string"}}],"inLanguage":"en-US"},{"@type":"Organization","@id":"https:\/\/sash-admconsulting.ch\/#organization","name":"SASH-ADMCONSULTING","url":"https:\/\/sash-admconsulting.ch\/","logo":{"@type":"ImageObject","inLanguage":"en-US","@id":"https:\/\/sash-admconsulting.ch\/#\/schema\/logo\/image\/","url":"https:\/\/sash-admconsulting.ch\/wp-content\/uploads\/2026\/05\/Sash-AC-WP-LOGO_2-1.png","contentUrl":"https:\/\/sash-admconsulting.ch\/wp-content\/uploads\/2026\/05\/Sash-AC-WP-LOGO_2-1.png","width":1050,"height":600,"caption":"SASH-ADMCONSULTING"},"image":{"@id":"https:\/\/sash-admconsulting.ch\/#\/schema\/logo\/image\/"}}]}},"_links":{"self":[{"href":"https:\/\/sash-admconsulting.ch\/en\/wp-json\/wp\/v2\/pages\/33","targetHints":{"allow":["GET"]}}],"collection":[{"href":"https:\/\/sash-admconsulting.ch\/en\/wp-json\/wp\/v2\/pages"}],"about":[{"href":"https:\/\/sash-admconsulting.ch\/en\/wp-json\/wp\/v2\/types\/page"}],"author":[{"embeddable":true,"href":"https:\/\/sash-admconsulting.ch\/en\/wp-json\/wp\/v2\/users\/1"}],"replies":[{"embeddable":true,"href":"https:\/\/sash-admconsulting.ch\/en\/wp-json\/wp\/v2\/comments?post=33"}],"version-history":[{"count":128,"href":"https:\/\/sash-admconsulting.ch\/en\/wp-json\/wp\/v2\/pages\/33\/revisions"}],"predecessor-version":[{"id":1118,"href":"https:\/\/sash-admconsulting.ch\/en\/wp-json\/wp\/v2\/pages\/33\/revisions\/1118"}],"wp:featuredmedia":[{"embeddable":true,"href":"https:\/\/sash-admconsulting.ch\/en\/wp-json\/wp\/v2\/media\/37"}],"wp:attachment":[{"href":"https:\/\/sash-admconsulting.ch\/en\/wp-json\/wp\/v2\/media?parent=33"}],"curies":[{"name":"wp","href":"https:\/\/api.w.org\/{rel}","templated":true}]}}