{"id":17,"date":"2026-04-29T16:09:36","date_gmt":"2026-04-29T16:09:36","guid":{"rendered":"https:\/\/sash-admconsulting.ch\/contact-us\/"},"modified":"2026-05-03T12:31:06","modified_gmt":"2026-05-03T12:31:06","slug":"contact-us","status":"publish","type":"page","link":"https:\/\/sash-admconsulting.ch\/en\/contact-us\/","title":{"rendered":"Contact"},"content":{"rendered":"<div data-elementor-type=\"wp-page\" data-elementor-id=\"17\" class=\"elementor elementor-17\">\n\t\t\t\t<div class=\"elementor-element elementor-element-7d6112e e-flex e-con-boxed e-con e-parent\" data-id=\"7d6112e\" data-element_type=\"container\" data-e-type=\"container\">\n\t\t\t\t\t<div class=\"e-con-inner\">\n\t\t\t\t<div class=\"elementor-element elementor-element-9cdcbb2 elementor-widget elementor-widget-spacer\" data-id=\"9cdcbb2\" data-element_type=\"widget\" data-e-type=\"widget\" data-widget_type=\"spacer.default\">\n\t\t\t\t\t\t\t<div class=\"elementor-spacer\">\n\t\t\t<div class=\"elementor-spacer-inner\"><\/div>\n\t\t<\/div>\n\t\t\t\t\t\t<\/div>\n\t\t\t\t\t<\/div>\n\t\t\t\t<\/div>\n\t\t<div class=\"elementor-element elementor-element-24c16cf6 e-flex e-con-boxed e-con e-parent\" data-id=\"24c16cf6\" data-element_type=\"container\" data-e-type=\"container\">\n\t\t\t\t\t<div class=\"e-con-inner\">\n\t\t<div class=\"elementor-element elementor-element-71f79242 e-con-full e-flex e-con e-child\" data-id=\"71f79242\" data-element_type=\"container\" data-e-type=\"container\">\n\t\t\t\t<div class=\"elementor-element elementor-element-4083a1f8 elementor-invisible elementor-widget elementor-widget-heading\" data-id=\"4083a1f8\" data-element_type=\"widget\" data-e-type=\"widget\" data-settings=\"{&quot;_animation&quot;:&quot;fadeIn&quot;}\" data-widget_type=\"heading.default\">\n\t\t\t\t\t<h2 class=\"elementor-heading-title elementor-size-default\">Contact<\/h2>\t\t\t\t<\/div>\n\t\t\t\t<div class=\"elementor-element elementor-element-6eec4499 elementor-widget elementor-widget-text-editor\" data-id=\"6eec4499\" data-element_type=\"widget\" data-e-type=\"widget\" data-widget_type=\"text-editor.default\">\n\t\t\t\t\t\t\t\t\t<p>Would you like to get a quote without obligation?<\/p><p>Contact me by phone or email and we will arrange a meeting to assess your needs and propose a suitable solution.<\/p>\t\t\t\t\t\t\t\t<\/div>\n\t\t\t\t<\/div>\n\t\t<div class=\"elementor-element elementor-element-19e5b68 e-con-full e-flex e-con e-child\" data-id=\"19e5b68\" data-element_type=\"container\" data-e-type=\"container\" data-settings=\"{&quot;background_background&quot;:&quot;classic&quot;}\">\n\t\t\t\t<\/div>\n\t\t\t\t\t<\/div>\n\t\t\t\t<\/div>\n\t\t<div class=\"elementor-element elementor-element-0699074 e-flex e-con-boxed e-con e-parent\" data-id=\"0699074\" data-element_type=\"container\" data-e-type=\"container\">\n\t\t\t\t\t<div class=\"e-con-inner\">\n\t\t\t\t<div class=\"elementor-element elementor-element-a8b6617 elementor-widget elementor-widget-spacer\" data-id=\"a8b6617\" data-element_type=\"widget\" data-e-type=\"widget\" data-widget_type=\"spacer.default\">\n\t\t\t\t\t\t\t<div class=\"elementor-spacer\">\n\t\t\t<div class=\"elementor-spacer-inner\"><\/div>\n\t\t<\/div>\n\t\t\t\t\t\t<\/div>\n\t\t<div class=\"elementor-element elementor-element-c06c1e4 e-con-full e-flex e-con e-child\" data-id=\"c06c1e4\" data-element_type=\"container\" data-e-type=\"container\" data-settings=\"{&quot;background_background&quot;:&quot;classic&quot;}\">\n\t\t<div class=\"elementor-element elementor-element-6c4036e e-con-full e-flex e-con e-child\" data-id=\"6c4036e\" data-element_type=\"container\" data-e-type=\"container\">\n\t\t\t\t<\/div>\n\t\t<div class=\"elementor-element elementor-element-217b9f6 e-con-full e-flex e-con e-child\" data-id=\"217b9f6\" data-element_type=\"container\" data-e-type=\"container\">\n\t\t\t\t<div class=\"elementor-element elementor-element-3602e90 elementor-widget elementor-widget-heading\" data-id=\"3602e90\" data-element_type=\"widget\" data-e-type=\"widget\" data-widget_type=\"heading.default\">\n\t\t\t\t\t<h1 class=\"elementor-heading-title elementor-size-default\">Chloe chollet<\/h1>\t\t\t\t<\/div>\n\t\t\t\t\t\t\t\t<p class=\"e-9214b2f-2841184 e-paragraph-base\" data-interaction-id=\"9214b2f\"  >\n\t\t\t\t\t\t\t\tAdministrator<br>&amp;<br>Administrative Expert<br><br>T: +41 (0)79 612-0237<br>contact@sash-admconsulting.ch\n\t\t\t\t\t<\/p>\n\t\t\t\t<\/div>\n\t\t<div class=\"elementor-element elementor-element-647f87e e-con-full e-flex e-con e-child\" data-id=\"647f87e\" data-element_type=\"container\" data-e-type=\"container\">\n\t\t\t\t<\/div>\n\t\t\t\t<\/div>\n\t\t\t\t\t<\/div>\n\t\t\t\t<\/div>\n\t\t<div class=\"elementor-element elementor-element-8ac429c e-flex e-con-boxed e-con e-parent\" data-id=\"8ac429c\" data-element_type=\"container\" data-e-type=\"container\">\n\t\t\t\t\t<div class=\"e-con-inner\">\n\t\t\t\t<div class=\"elementor-element elementor-element-92ae217 elementor-widget elementor-widget-spacer\" data-id=\"92ae217\" data-element_type=\"widget\" data-e-type=\"widget\" data-widget_type=\"spacer.default\">\n\t\t\t\t\t\t\t<div class=\"elementor-spacer\">\n\t\t\t<div class=\"elementor-spacer-inner\"><\/div>\n\t\t<\/div>\n\t\t\t\t\t\t<\/div>\n\t\t\t\t\t<\/div>\n\t\t\t\t<\/div>\n\t\t<div class=\"elementor-element elementor-element-7509bd8 e-flex e-con-boxed e-con e-parent\" data-id=\"7509bd8\" data-element_type=\"container\" data-e-type=\"container\">\n\t\t\t\t\t<div class=\"e-con-inner\">\n\t\t\t\t<div class=\"elementor-element elementor-element-64eba2c elementor-widget elementor-widget-spacer\" data-id=\"64eba2c\" data-element_type=\"widget\" data-e-type=\"widget\" data-widget_type=\"spacer.default\">\n\t\t\t\t\t\t\t<div class=\"elementor-spacer\">\n\t\t\t<div class=\"elementor-spacer-inner\"><\/div>\n\t\t<\/div>\n\t\t\t\t\t\t<\/div>\n\t\t\t\t\t<\/div>\n\t\t\t\t<\/div>\n\t\t\t\t<\/div>","protected":false},"excerpt":{"rendered":"<p>Contact Vous souhaitez obtenir davantage d&rsquo;informations ou obtenir un devis sans engagement? Contactez-moi par t\u00e9l\u00e9phone ou par email et nous conviendrons d&rsquo;une entrevue afin d&rsquo;\u00e9valuez vos besoins et vous proposer une solutions adapt\u00e9e. Chloe chollet Administratrice&amp;Experte en administratif T: +41 (0)79 612-0237contact@sash-admconsulting.ch<\/p>","protected":false},"author":1,"featured_media":22,"parent":0,"menu_order":0,"comment_status":"closed","ping_status":"closed","template":"elementor_header_footer","meta":{"footnotes":""},"class_list":["post-17","page","type-page","status-publish","has-post-thumbnail","hentry"],"yoast_head":"<!-- This site is optimized with the Yoast SEO plugin v27.5 - https:\/\/yoast.com\/product\/yoast-seo-wordpress\/ -->\n<title>Contact -<\/title>\n<meta name=\"robots\" content=\"index, follow, max-snippet:-1, max-image-preview:large, max-video-preview:-1\" \/>\n<link rel=\"canonical\" href=\"https:\/\/sash-admconsulting.ch\/en\/contact-us\/\" \/>\n<meta property=\"og:locale\" content=\"en_US\" \/>\n<meta property=\"og:type\" content=\"article\" \/>\n<meta property=\"og:title\" content=\"Contact -\" \/>\n<meta property=\"og:description\" content=\"Contact Vous souhaitez obtenir davantage d&rsquo;informations ou obtenir un devis sans engagement? Contactez-moi par t\u00e9l\u00e9phone ou par email et nous conviendrons d&rsquo;une entrevue afin d&rsquo;\u00e9valuez vos besoins et vous proposer une solutions adapt\u00e9e. Chloe chollet Administratrice&amp;Experte en administratif T: +41 (0)79 612-0237contact@sash-admconsulting.ch\" \/>\n<meta property=\"og:url\" content=\"https:\/\/sash-admconsulting.ch\/en\/contact-us\/\" \/>\n<meta property=\"article:modified_time\" content=\"2026-05-03T12:31:06+00:00\" \/>\n<meta property=\"og:image\" content=\"https:\/\/sash-admconsulting.ch\/wp-content\/uploads\/2026\/04\/Contact-Us-400_380.jpg\" \/>\n\t<meta property=\"og:image:width\" content=\"400\" \/>\n\t<meta property=\"og:image:height\" content=\"380\" \/>\n\t<meta property=\"og:image:type\" content=\"image\/jpeg\" \/>\n<meta name=\"twitter:card\" content=\"summary_large_image\" \/>\n<script type=\"application\/ld+json\" class=\"yoast-schema-graph\">{\"@context\":\"https:\\\/\\\/schema.org\",\"@graph\":[{\"@type\":\"WebPage\",\"@id\":\"https:\\\/\\\/sash-admconsulting.ch\\\/contact-us\\\/\",\"url\":\"https:\\\/\\\/sash-admconsulting.ch\\\/contact-us\\\/\",\"name\":\"Contact -\",\"isPartOf\":{\"@id\":\"https:\\\/\\\/sash-admconsulting.ch\\\/#website\"},\"primaryImageOfPage\":{\"@id\":\"https:\\\/\\\/sash-admconsulting.ch\\\/contact-us\\\/#primaryimage\"},\"image\":{\"@id\":\"https:\\\/\\\/sash-admconsulting.ch\\\/contact-us\\\/#primaryimage\"},\"thumbnailUrl\":\"https:\\\/\\\/sash-admconsulting.ch\\\/wp-content\\\/uploads\\\/2026\\\/04\\\/Contact-Us-400_380.jpg\",\"datePublished\":\"2026-04-29T16:09:36+00:00\",\"dateModified\":\"2026-05-03T12:31:06+00:00\",\"breadcrumb\":{\"@id\":\"https:\\\/\\\/sash-admconsulting.ch\\\/contact-us\\\/#breadcrumb\"},\"inLanguage\":\"en-US\",\"potentialAction\":[{\"@type\":\"ReadAction\",\"target\":[\"https:\\\/\\\/sash-admconsulting.ch\\\/contact-us\\\/\"]}]},{\"@type\":\"ImageObject\",\"inLanguage\":\"en-US\",\"@id\":\"https:\\\/\\\/sash-admconsulting.ch\\\/contact-us\\\/#primaryimage\",\"url\":\"https:\\\/\\\/sash-admconsulting.ch\\\/wp-content\\\/uploads\\\/2026\\\/04\\\/Contact-Us-400_380.jpg\",\"contentUrl\":\"https:\\\/\\\/sash-admconsulting.ch\\\/wp-content\\\/uploads\\\/2026\\\/04\\\/Contact-Us-400_380.jpg\",\"width\":400,\"height\":380},{\"@type\":\"BreadcrumbList\",\"@id\":\"https:\\\/\\\/sash-admconsulting.ch\\\/contact-us\\\/#breadcrumb\",\"itemListElement\":[{\"@type\":\"ListItem\",\"position\":1,\"name\":\"Home\",\"item\":\"https:\\\/\\\/sash-admconsulting.ch\\\/\"},{\"@type\":\"ListItem\",\"position\":2,\"name\":\"Contact\"}]},{\"@type\":\"WebSite\",\"@id\":\"https:\\\/\\\/sash-admconsulting.ch\\\/#website\",\"url\":\"https:\\\/\\\/sash-admconsulting.ch\\\/\",\"name\":\"www.sash-admconsulting.ch\",\"description\":\"\",\"publisher\":{\"@id\":\"https:\\\/\\\/sash-admconsulting.ch\\\/#organization\"},\"potentialAction\":[{\"@type\":\"SearchAction\",\"target\":{\"@type\":\"EntryPoint\",\"urlTemplate\":\"https:\\\/\\\/sash-admconsulting.ch\\\/?s={search_term_string}\"},\"query-input\":{\"@type\":\"PropertyValueSpecification\",\"valueRequired\":true,\"valueName\":\"search_term_string\"}}],\"inLanguage\":\"en-US\"},{\"@type\":\"Organization\",\"@id\":\"https:\\\/\\\/sash-admconsulting.ch\\\/#organization\",\"name\":\"SASH-ADMCONSULTING\",\"url\":\"https:\\\/\\\/sash-admconsulting.ch\\\/\",\"logo\":{\"@type\":\"ImageObject\",\"inLanguage\":\"en-US\",\"@id\":\"https:\\\/\\\/sash-admconsulting.ch\\\/#\\\/schema\\\/logo\\\/image\\\/\",\"url\":\"https:\\\/\\\/sash-admconsulting.ch\\\/wp-content\\\/uploads\\\/2026\\\/05\\\/Sash-AC-WP-LOGO_2-1.png\",\"contentUrl\":\"https:\\\/\\\/sash-admconsulting.ch\\\/wp-content\\\/uploads\\\/2026\\\/05\\\/Sash-AC-WP-LOGO_2-1.png\",\"width\":1050,\"height\":600,\"caption\":\"SASH-ADMCONSULTING\"},\"image\":{\"@id\":\"https:\\\/\\\/sash-admconsulting.ch\\\/#\\\/schema\\\/logo\\\/image\\\/\"}}]}<\/script>\n<!-- \/ Yoast SEO plugin. -->","yoast_head_json":{"title":"Contact -","robots":{"index":"index","follow":"follow","max-snippet":"max-snippet:-1","max-image-preview":"max-image-preview:large","max-video-preview":"max-video-preview:-1"},"canonical":"https:\/\/sash-admconsulting.ch\/en\/contact-us\/","og_locale":"en_US","og_type":"article","og_title":"Contact -","og_description":"Contact Vous souhaitez obtenir davantage d&rsquo;informations ou obtenir un devis sans engagement? Contactez-moi par t\u00e9l\u00e9phone ou par email et nous conviendrons d&rsquo;une entrevue afin d&rsquo;\u00e9valuez vos besoins et vous proposer une solutions adapt\u00e9e. Chloe chollet Administratrice&amp;Experte en administratif T: +41 (0)79 612-0237contact@sash-admconsulting.ch","og_url":"https:\/\/sash-admconsulting.ch\/en\/contact-us\/","article_modified_time":"2026-05-03T12:31:06+00:00","og_image":[{"width":400,"height":380,"url":"https:\/\/sash-admconsulting.ch\/wp-content\/uploads\/2026\/04\/Contact-Us-400_380.jpg","type":"image\/jpeg"}],"twitter_card":"summary_large_image","schema":{"@context":"https:\/\/schema.org","@graph":[{"@type":"WebPage","@id":"https:\/\/sash-admconsulting.ch\/contact-us\/","url":"https:\/\/sash-admconsulting.ch\/contact-us\/","name":"Contact -","isPartOf":{"@id":"https:\/\/sash-admconsulting.ch\/#website"},"primaryImageOfPage":{"@id":"https:\/\/sash-admconsulting.ch\/contact-us\/#primaryimage"},"image":{"@id":"https:\/\/sash-admconsulting.ch\/contact-us\/#primaryimage"},"thumbnailUrl":"https:\/\/sash-admconsulting.ch\/wp-content\/uploads\/2026\/04\/Contact-Us-400_380.jpg","datePublished":"2026-04-29T16:09:36+00:00","dateModified":"2026-05-03T12:31:06+00:00","breadcrumb":{"@id":"https:\/\/sash-admconsulting.ch\/contact-us\/#breadcrumb"},"inLanguage":"en-US","potentialAction":[{"@type":"ReadAction","target":["https:\/\/sash-admconsulting.ch\/contact-us\/"]}]},{"@type":"ImageObject","inLanguage":"en-US","@id":"https:\/\/sash-admconsulting.ch\/contact-us\/#primaryimage","url":"https:\/\/sash-admconsulting.ch\/wp-content\/uploads\/2026\/04\/Contact-Us-400_380.jpg","contentUrl":"https:\/\/sash-admconsulting.ch\/wp-content\/uploads\/2026\/04\/Contact-Us-400_380.jpg","width":400,"height":380},{"@type":"BreadcrumbList","@id":"https:\/\/sash-admconsulting.ch\/contact-us\/#breadcrumb","itemListElement":[{"@type":"ListItem","position":1,"name":"Home","item":"https:\/\/sash-admconsulting.ch\/"},{"@type":"ListItem","position":2,"name":"Contact"}]},{"@type":"WebSite","@id":"https:\/\/sash-admconsulting.ch\/#website","url":"https:\/\/sash-admconsulting.ch\/","name":"www.sash-admconsulting.ch","description":"","publisher":{"@id":"https:\/\/sash-admconsulting.ch\/#organization"},"potentialAction":[{"@type":"SearchAction","target":{"@type":"EntryPoint","urlTemplate":"https:\/\/sash-admconsulting.ch\/?s={search_term_string}"},"query-input":{"@type":"PropertyValueSpecification","valueRequired":true,"valueName":"search_term_string"}}],"inLanguage":"en-US"},{"@type":"Organization","@id":"https:\/\/sash-admconsulting.ch\/#organization","name":"SASH-ADMCONSULTING","url":"https:\/\/sash-admconsulting.ch\/","logo":{"@type":"ImageObject","inLanguage":"en-US","@id":"https:\/\/sash-admconsulting.ch\/#\/schema\/logo\/image\/","url":"https:\/\/sash-admconsulting.ch\/wp-content\/uploads\/2026\/05\/Sash-AC-WP-LOGO_2-1.png","contentUrl":"https:\/\/sash-admconsulting.ch\/wp-content\/uploads\/2026\/05\/Sash-AC-WP-LOGO_2-1.png","width":1050,"height":600,"caption":"SASH-ADMCONSULTING"},"image":{"@id":"https:\/\/sash-admconsulting.ch\/#\/schema\/logo\/image\/"}}]}},"_links":{"self":[{"href":"https:\/\/sash-admconsulting.ch\/en\/wp-json\/wp\/v2\/pages\/17","targetHints":{"allow":["GET"]}}],"collection":[{"href":"https:\/\/sash-admconsulting.ch\/en\/wp-json\/wp\/v2\/pages"}],"about":[{"href":"https:\/\/sash-admconsulting.ch\/en\/wp-json\/wp\/v2\/types\/page"}],"author":[{"embeddable":true,"href":"https:\/\/sash-admconsulting.ch\/en\/wp-json\/wp\/v2\/users\/1"}],"replies":[{"embeddable":true,"href":"https:\/\/sash-admconsulting.ch\/en\/wp-json\/wp\/v2\/comments?post=17"}],"version-history":[{"count":77,"href":"https:\/\/sash-admconsulting.ch\/en\/wp-json\/wp\/v2\/pages\/17\/revisions"}],"predecessor-version":[{"id":721,"href":"https:\/\/sash-admconsulting.ch\/en\/wp-json\/wp\/v2\/pages\/17\/revisions\/721"}],"wp:featuredmedia":[{"embeddable":true,"href":"https:\/\/sash-admconsulting.ch\/en\/wp-json\/wp\/v2\/media\/22"}],"wp:attachment":[{"href":"https:\/\/sash-admconsulting.ch\/en\/wp-json\/wp\/v2\/media?parent=17"}],"curies":[{"name":"wp","href":"https:\/\/api.w.org\/{rel}","templated":true}]}}